{"id":207,"date":"2024-12-12T22:38:31","date_gmt":"2024-12-12T22:38:31","guid":{"rendered":"https:\/\/geneva-residence-paprika.ms2.decms.eu\/conditions-generales\/"},"modified":"2025-07-10T15:20:52","modified_gmt":"2025-07-10T15:20:52","slug":"terminos-y-condiciones-generales","status":"publish","type":"page","link":"https:\/\/www.geneva-residence.fr\/es\/terminos-y-condiciones-generales\/","title":{"rendered":"T\u00e9rminos y Condiciones Generales"},"content":{"rendered":"<p><strong>REGULACIONES APLICABLES<\/strong><br \/>\nEstas condiciones generales est\u00e1n sujetas al r\u00e9gimen de Residencias Tur\u00edsticas.<br \/>\nEst\u00e1n acompa\u00f1adas de condiciones particulares.<br \/>\nEl residente &#8211; ocupante &#8211; no podr\u00e1 invocar las disposiciones legales aplicables a los contratos de arrendamiento residencial, particularmente en lo que respecta a la permanencia en el inmueble.<br \/>\nCualquier domiciliaci\u00f3n en la Residencia, ya sea privada o profesional, est\u00e1 prohibida.<\/p>\n<p><strong>DESIGNACI\u00d3N DE LOS LOCALES<\/strong><br \/>\nLa Residencia ofrece apartamentos tipo estudio o de 2 habitaciones, amueblados y equipados.<br \/>\nEl tipo de apartamento, objeto del contrato, se especificar\u00e1 al residente al momento de su ingreso en el documento \u00abcondiciones generales de alquiler\u00bb.<br \/>\nCada apartamento dispone de una peque\u00f1a cocina equipada: fregadero, placa de cocina, microondas, utensilios, etc.<br \/>\nCada apartamento tiene su propio ba\u00f1o y aseo.<br \/>\nEl residente deber\u00e1 reportar cualquier anomal\u00eda o mobiliario da\u00f1ado inmediatamente al llegar.<br \/>\nAl momento de la salida del residente, se verificar\u00e1 la limpieza del apartamento y cualquier falta o da\u00f1o causado al apartamento ser\u00e1 facturado al residente. El residente tambi\u00e9n est\u00e1 obligado a devolver el apartamento en el mismo estado de limpieza en que lo encontr\u00f3. El costo de la limpieza o reparaci\u00f3n ser\u00e1 facturado al residente.<br \/>\nLa capacidad de los apartamentos es de 1 a 4 personas, dependiendo del tipo de apartamento alquilado. El residente deber\u00e1 cumplir con el n\u00famero de personas indicadas en el contrato y ser\u00e1 responsable de cualquier sobreocupaci\u00f3n o da\u00f1o que pueda resultar. La sobreocupaci\u00f3n, que est\u00e1 prohibida e ilegal, causar\u00e1 la rescisi\u00f3n inmediata del contrato.<\/p>\n<p><strong>RECEPCI\u00d3N DE LA RESIDENCIA<\/strong><br \/>\nLa recepci\u00f3n est\u00e1 abierta seg\u00fan los horarios indicados en la recepci\u00f3n. Fuera de estos horarios, se proporcionar\u00e1 un c\u00f3digo de acceso a la residencia (c\u00f3digo digital) al residente, quien se compromete a no divulgarlo a personas ajenas a la residencia.<\/p>\n<p><strong>SERVICIOS<\/strong><br \/>\nServicios incluidos en la tarifa:<\/p>\n<ul>\n<li>Acceso Wi-Fi<\/li>\n<li>Televisi\u00f3n<\/li>\n<li>Servicio de limpieza una vez por semana para estancias de 7 noches o m\u00e1s<\/li>\n<li>Cambio de s\u00e1banas una vez por semana para estancias de 7 noches o m\u00e1s<\/li>\n<li>Cambio de toallas una vez por semana<br \/>\nServicios adicionales y de pago (tarifas disponibles en recepci\u00f3n):<\/li>\n<li>Limpieza: si el residente solicita limpieza adicional<\/li>\n<li>Cambio de s\u00e1banas y toallas: si el residente solicita cambios<\/li>\n<li>Estacionamiento subterr\u00e1neo<\/li>\n<li>Hay una lavadora y secadora disponibles para el residente en el s\u00f3tano, gestionadas por un proveedor externo<\/li>\n<li>Fotocopias y fax disponibles bajo solicitud en recepci\u00f3n<\/li>\n<li>Papel higi\u00e9nico y detergente para platos a la venta en recepci\u00f3n<\/li>\n<\/ul>\n<p><strong>RESERVA<\/strong><br \/>\nUna reserva para un apartamento en la Residencia solo ser\u00e1 v\u00e1lida si el cliente ha pagado previamente por su estancia o ha realizado el dep\u00f3sito solicitado por la Residencia. La reserva se considerar\u00e1 confirmada tras el pago.<\/p>\n<p><strong>CONDICIONES DE PAGO &#8211; MULTAS POR DEMORA<\/strong><br \/>\nLas facturas deben ser pagadas inmediatamente por el residente al momento de la presentaci\u00f3n.<br \/>\nEl d\u00eda de la llegada del cliente, la Residencia le facturar\u00e1 el monto total o el saldo de su estancia, excepto para estancias superiores a un mes, donde el primer mes debe pagarse inmediatamente y los meses siguientes antes de cada nuevo per\u00edodo de reserva.<br \/>\nSi se ha acordado que el pago de la estancia de un residente ser\u00e1 realizado por un tercero, el residente sigue siendo responsable solidariamente del pago.<br \/>\nEn caso de retraso en el pago, el residente deber\u00e1 pagar intereses del triple de la tasa de inter\u00e9s legal sobre cualquier saldo pendiente.<\/p>\n<p><strong>PRECIO<\/strong><br \/>\nLos precios est\u00e1n indicados en euros, IVA incluido, y solo cubren la puesta a disposici\u00f3n del apartamento. La tasa tur\u00edstica es un costo adicional que se indica en las condiciones particulares. Los servicios opcionales no est\u00e1n incluidos en el precio.<\/p>\n<p><strong>DEP\u00d3SITO DE GARANT\u00cdA<\/strong><br \/>\nPara estancias de menos de 30 noches, se cobrar\u00e1 un dep\u00f3sito m\u00ednimo de 250\u20ac por tarjeta bancaria al momento del check-in, dependiendo de la duraci\u00f3n de la estancia. Para estancias superiores a 29 noches, el cliente deber\u00e1 depositar un monto equivalente a un mes de alquiler como dep\u00f3sito de garant\u00eda. Esta suma ser\u00e1 reembolsada al final de la estancia, descontando cualquier da\u00f1o o p\u00e9rdida de objetos.<\/p>\n<p><strong>RESCISI\u00d3N<\/strong><br \/>\nEl contrato se rescindir\u00e1 autom\u00e1ticamente sin formalidad ni demora en caso de incumplimiento de las obligaciones por parte del residente o comportamiento inapropiado que interrumpa la estancia de otros hu\u00e9spedes.<br \/>\nEl impago de la estancia es causa de rescisi\u00f3n inmediata del contrato.<br \/>\nEl residente deber\u00e1 abandonar inmediatamente las instalaciones y podr\u00e1 ser expulsado con la ayuda de las autoridades si es necesario.<\/p>\n","protected":false},"excerpt":{"rendered":"<p>REGULACIONES APLICABLES Estas condiciones generales est\u00e1n sujetas al r\u00e9gimen de Residencias Tur\u00edsticas. Est\u00e1n acompa\u00f1adas de condiciones particulares. El residente &#8211; ocupante &#8211; no podr\u00e1 invocar las disposiciones legales aplicables a los contratos de arrendamiento residencial, particularmente en lo que respecta a la permanencia en el inmueble. Cualquier domiciliaci\u00f3n en la Residencia, ya sea privada o [&hellip;]<\/p>\n","protected":false},"author":192,"featured_media":0,"parent":0,"menu_order":0,"comment_status":"closed","ping_status":"closed","template":"","meta":{"footnotes":""},"class_list":["post-207","page","type-page","status-publish","hentry"],"yoast_head":"<!-- This site is optimized with the Yoast SEO plugin v27.3 - https:\/\/yoast.com\/product\/yoast-seo-wordpress\/ -->\n<title>T\u00e9rminos y Condiciones Generales - Geneva Residence -<\/title>\n<meta name=\"description\" content=\"REGULACIONES APLICABLES Estas condiciones generales est\u00e1n sujetas al r\u00e9gimen de Residencias Tur\u00edsticas. Est\u00e1n acompa\u00f1adas de condiciones particulares. El residente - ocupante - no podr\u00e1 invocar las disposiciones legales aplicables a los contratos de arrendamiento residencial, particularmente en lo que respecta a la permanencia en el inmueble. Cualquier domiciliaci\u00f3n en la Residencia, ya sea privada o profesional, est\u00e1 prohibida.  DESIGNACI\u00d3N DE LOS LOCALES La Residencia ofrece apartamentos tipo estudio o de 2 habitaciones, amueblados y equipados. El tipo de apartamento, objeto del contrato, se especificar\u00e1 al residente al momento de su ingreso en el documento &quot;condiciones generales de alquiler&quot;. Cada apartamento dispone de una peque\u00f1a cocina equipada: fregadero, placa de cocina, microondas, utensilios, etc. Cada apartamento tiene su propio ba\u00f1o y aseo. El residente deber\u00e1 reportar cualquier anomal\u00eda o mobiliario da\u00f1ado inmediatamente al llegar. Al momento de la salida del residente, se verificar\u00e1 la limpieza del apartamento y cualquier falta o da\u00f1o causado al apartamento ser\u00e1 facturado al residente. El residente tambi\u00e9n est\u00e1 obligado a devolver el apartamento en el mismo estado de limpieza en que lo encontr\u00f3\" \/>\n<meta name=\"robots\" content=\"index, follow, max-snippet:-1, max-image-preview:large, max-video-preview:-1\" \/>\n<link rel=\"canonical\" href=\"https:\/\/www.geneva-residence.fr\/es\/terminos-y-condiciones-generales\/\" \/>\n<meta property=\"og:locale\" content=\"es_ES\" \/>\n<meta property=\"og:type\" content=\"article\" \/>\n<meta property=\"og:title\" content=\"T\u00e9rminos y Condiciones Generales - Geneva Residence -\" \/>\n<meta property=\"og:description\" content=\"REGULACIONES APLICABLES Estas condiciones generales est\u00e1n sujetas al r\u00e9gimen de Residencias Tur\u00edsticas. Est\u00e1n acompa\u00f1adas de condiciones particulares. El residente - ocupante - no podr\u00e1 invocar las disposiciones legales aplicables a los contratos de arrendamiento residencial, particularmente en lo que respecta a la permanencia en el inmueble. Cualquier domiciliaci\u00f3n en la Residencia, ya sea privada o profesional, est\u00e1 prohibida.  DESIGNACI\u00d3N DE LOS LOCALES La Residencia ofrece apartamentos tipo estudio o de 2 habitaciones, amueblados y equipados. El tipo de apartamento, objeto del contrato, se especificar\u00e1 al residente al momento de su ingreso en el documento &quot;condiciones generales de alquiler&quot;. Cada apartamento dispone de una peque\u00f1a cocina equipada: fregadero, placa de cocina, microondas, utensilios, etc. Cada apartamento tiene su propio ba\u00f1o y aseo. El residente deber\u00e1 reportar cualquier anomal\u00eda o mobiliario da\u00f1ado inmediatamente al llegar. Al momento de la salida del residente, se verificar\u00e1 la limpieza del apartamento y cualquier falta o da\u00f1o causado al apartamento ser\u00e1 facturado al residente. El residente tambi\u00e9n est\u00e1 obligado a devolver el apartamento en el mismo estado de limpieza en que lo encontr\u00f3\" \/>\n<meta property=\"og:url\" content=\"https:\/\/www.geneva-residence.fr\/es\/terminos-y-condiciones-generales\/\" \/>\n<meta property=\"og:site_name\" content=\"Geneva Residence\" \/>\n<meta property=\"article:modified_time\" content=\"2025-07-10T15:20:52+00:00\" \/>\n<meta name=\"twitter:card\" content=\"summary_large_image\" \/>\n<meta name=\"twitter:label1\" content=\"Tiempo de lectura\" \/>\n\t<meta name=\"twitter:data1\" content=\"4 minutos\" \/>\n<script type=\"application\/ld+json\" class=\"yoast-schema-graph\">{\"@context\":\"https:\\\/\\\/schema.org\",\"@graph\":[{\"@type\":\"WebPage\",\"@id\":\"https:\\\/\\\/www.geneva-residence.fr\\\/es\\\/terminos-y-condiciones-generales\\\/\",\"url\":\"https:\\\/\\\/www.geneva-residence.fr\\\/es\\\/terminos-y-condiciones-generales\\\/\",\"name\":\"T\u00e9rminos y Condiciones Generales - Geneva Residence -\",\"isPartOf\":{\"@id\":\"https:\\\/\\\/www.geneva-residence.fr\\\/es\\\/#website\"},\"datePublished\":\"2024-12-12T22:38:31+00:00\",\"dateModified\":\"2025-07-10T15:20:52+00:00\",\"description\":\"REGULACIONES APLICABLES Estas condiciones generales est\u00e1n sujetas al r\u00e9gimen de Residencias Tur\u00edsticas. Est\u00e1n acompa\u00f1adas de condiciones particulares. El residente - ocupante - no podr\u00e1 invocar las disposiciones legales aplicables a los contratos de arrendamiento residencial, particularmente en lo que respecta a la permanencia en el inmueble. Cualquier domiciliaci\u00f3n en la Residencia, ya sea privada o profesional, est\u00e1 prohibida. DESIGNACI\u00d3N DE LOS LOCALES La Residencia ofrece apartamentos tipo estudio o de 2 habitaciones, amueblados y equipados. El tipo de apartamento, objeto del contrato, se especificar\u00e1 al residente al momento de su ingreso en el documento \\\"condiciones generales de alquiler\\\". Cada apartamento dispone de una peque\u00f1a cocina equipada: fregadero, placa de cocina, microondas, utensilios, etc. Cada apartamento tiene su propio ba\u00f1o y aseo. El residente deber\u00e1 reportar cualquier anomal\u00eda o mobiliario da\u00f1ado inmediatamente al llegar. Al momento de la salida del residente, se verificar\u00e1 la limpieza del apartamento y cualquier falta o da\u00f1o causado al apartamento ser\u00e1 facturado al residente. El residente tambi\u00e9n est\u00e1 obligado a devolver el apartamento en el mismo estado de limpieza en que lo encontr\u00f3\",\"breadcrumb\":{\"@id\":\"https:\\\/\\\/www.geneva-residence.fr\\\/es\\\/terminos-y-condiciones-generales\\\/#breadcrumb\"},\"inLanguage\":\"es\",\"potentialAction\":[{\"@type\":\"ReadAction\",\"target\":[\"https:\\\/\\\/www.geneva-residence.fr\\\/es\\\/terminos-y-condiciones-generales\\\/\"]}]},{\"@type\":\"BreadcrumbList\",\"@id\":\"https:\\\/\\\/www.geneva-residence.fr\\\/es\\\/terminos-y-condiciones-generales\\\/#breadcrumb\",\"itemListElement\":[{\"@type\":\"ListItem\",\"position\":1,\"name\":\"Home\",\"item\":\"https:\\\/\\\/www.geneva-residence.fr\\\/es\\\/\"},{\"@type\":\"ListItem\",\"position\":2,\"name\":\"T\u00e9rminos y Condiciones Generales\"}]},{\"@type\":\"WebSite\",\"@id\":\"https:\\\/\\\/www.geneva-residence.fr\\\/es\\\/#website\",\"url\":\"https:\\\/\\\/www.geneva-residence.fr\\\/es\\\/\",\"name\":\"Geneva Residence\",\"description\":\"\",\"publisher\":{\"@id\":\"https:\\\/\\\/www.geneva-residence.fr\\\/es\\\/#organization\"},\"potentialAction\":[{\"@type\":\"SearchAction\",\"target\":{\"@type\":\"EntryPoint\",\"urlTemplate\":\"https:\\\/\\\/www.geneva-residence.fr\\\/es\\\/?s={search_term_string}\"},\"query-input\":{\"@type\":\"PropertyValueSpecification\",\"valueRequired\":true,\"valueName\":\"search_term_string\"}}],\"inLanguage\":\"es\"},{\"@type\":\"Organization\",\"@id\":\"https:\\\/\\\/www.geneva-residence.fr\\\/es\\\/#organization\",\"name\":\"Geneva Residence\",\"url\":\"https:\\\/\\\/www.geneva-residence.fr\\\/es\\\/\",\"logo\":{\"@type\":\"ImageObject\",\"inLanguage\":\"es\",\"@id\":\"https:\\\/\\\/www.geneva-residence.fr\\\/es\\\/#\\\/schema\\\/logo\\\/image\\\/\",\"url\":\"https:\\\/\\\/geneva-residence-paprika.ms2.decms.eu\\\/wp-content\\\/uploads\\\/sites\\\/183\\\/2024\\\/12\\\/Logo-pour-en-tete-1.png\",\"contentUrl\":\"https:\\\/\\\/geneva-residence-paprika.ms2.decms.eu\\\/wp-content\\\/uploads\\\/sites\\\/183\\\/2024\\\/12\\\/Logo-pour-en-tete-1.png\",\"width\":2200,\"height\":795,\"caption\":\"Geneva Residence\"},\"image\":{\"@id\":\"https:\\\/\\\/www.geneva-residence.fr\\\/es\\\/#\\\/schema\\\/logo\\\/image\\\/\"}}]}<\/script>\n<!-- \/ Yoast SEO plugin. -->","yoast_head_json":{"title":"T\u00e9rminos y Condiciones Generales - Geneva Residence -","description":"REGULACIONES APLICABLES Estas condiciones generales est\u00e1n sujetas al r\u00e9gimen de Residencias Tur\u00edsticas. Est\u00e1n acompa\u00f1adas de condiciones particulares. El residente - ocupante - no podr\u00e1 invocar las disposiciones legales aplicables a los contratos de arrendamiento residencial, particularmente en lo que respecta a la permanencia en el inmueble. Cualquier domiciliaci\u00f3n en la Residencia, ya sea privada o profesional, est\u00e1 prohibida.  DESIGNACI\u00d3N DE LOS LOCALES La Residencia ofrece apartamentos tipo estudio o de 2 habitaciones, amueblados y equipados. El tipo de apartamento, objeto del contrato, se especificar\u00e1 al residente al momento de su ingreso en el documento \"condiciones generales de alquiler\". Cada apartamento dispone de una peque\u00f1a cocina equipada: fregadero, placa de cocina, microondas, utensilios, etc. Cada apartamento tiene su propio ba\u00f1o y aseo. El residente deber\u00e1 reportar cualquier anomal\u00eda o mobiliario da\u00f1ado inmediatamente al llegar. Al momento de la salida del residente, se verificar\u00e1 la limpieza del apartamento y cualquier falta o da\u00f1o causado al apartamento ser\u00e1 facturado al residente. El residente tambi\u00e9n est\u00e1 obligado a devolver el apartamento en el mismo estado de limpieza en que lo encontr\u00f3","robots":{"index":"index","follow":"follow","max-snippet":"max-snippet:-1","max-image-preview":"max-image-preview:large","max-video-preview":"max-video-preview:-1"},"canonical":"https:\/\/www.geneva-residence.fr\/es\/terminos-y-condiciones-generales\/","og_locale":"es_ES","og_type":"article","og_title":"T\u00e9rminos y Condiciones Generales - Geneva Residence -","og_description":"REGULACIONES APLICABLES Estas condiciones generales est\u00e1n sujetas al r\u00e9gimen de Residencias Tur\u00edsticas. Est\u00e1n acompa\u00f1adas de condiciones particulares. El residente - ocupante - no podr\u00e1 invocar las disposiciones legales aplicables a los contratos de arrendamiento residencial, particularmente en lo que respecta a la permanencia en el inmueble. Cualquier domiciliaci\u00f3n en la Residencia, ya sea privada o profesional, est\u00e1 prohibida.  DESIGNACI\u00d3N DE LOS LOCALES La Residencia ofrece apartamentos tipo estudio o de 2 habitaciones, amueblados y equipados. El tipo de apartamento, objeto del contrato, se especificar\u00e1 al residente al momento de su ingreso en el documento \"condiciones generales de alquiler\". Cada apartamento dispone de una peque\u00f1a cocina equipada: fregadero, placa de cocina, microondas, utensilios, etc. Cada apartamento tiene su propio ba\u00f1o y aseo. El residente deber\u00e1 reportar cualquier anomal\u00eda o mobiliario da\u00f1ado inmediatamente al llegar. Al momento de la salida del residente, se verificar\u00e1 la limpieza del apartamento y cualquier falta o da\u00f1o causado al apartamento ser\u00e1 facturado al residente. El residente tambi\u00e9n est\u00e1 obligado a devolver el apartamento en el mismo estado de limpieza en que lo encontr\u00f3","og_url":"https:\/\/www.geneva-residence.fr\/es\/terminos-y-condiciones-generales\/","og_site_name":"Geneva Residence","article_modified_time":"2025-07-10T15:20:52+00:00","twitter_card":"summary_large_image","twitter_misc":{"Tiempo de lectura":"4 minutos"},"schema":{"@context":"https:\/\/schema.org","@graph":[{"@type":"WebPage","@id":"https:\/\/www.geneva-residence.fr\/es\/terminos-y-condiciones-generales\/","url":"https:\/\/www.geneva-residence.fr\/es\/terminos-y-condiciones-generales\/","name":"T\u00e9rminos y Condiciones Generales - Geneva Residence -","isPartOf":{"@id":"https:\/\/www.geneva-residence.fr\/es\/#website"},"datePublished":"2024-12-12T22:38:31+00:00","dateModified":"2025-07-10T15:20:52+00:00","description":"REGULACIONES APLICABLES Estas condiciones generales est\u00e1n sujetas al r\u00e9gimen de Residencias Tur\u00edsticas. Est\u00e1n acompa\u00f1adas de condiciones particulares. El residente - ocupante - no podr\u00e1 invocar las disposiciones legales aplicables a los contratos de arrendamiento residencial, particularmente en lo que respecta a la permanencia en el inmueble. Cualquier domiciliaci\u00f3n en la Residencia, ya sea privada o profesional, est\u00e1 prohibida. DESIGNACI\u00d3N DE LOS LOCALES La Residencia ofrece apartamentos tipo estudio o de 2 habitaciones, amueblados y equipados. El tipo de apartamento, objeto del contrato, se especificar\u00e1 al residente al momento de su ingreso en el documento \"condiciones generales de alquiler\". Cada apartamento dispone de una peque\u00f1a cocina equipada: fregadero, placa de cocina, microondas, utensilios, etc. Cada apartamento tiene su propio ba\u00f1o y aseo. El residente deber\u00e1 reportar cualquier anomal\u00eda o mobiliario da\u00f1ado inmediatamente al llegar. Al momento de la salida del residente, se verificar\u00e1 la limpieza del apartamento y cualquier falta o da\u00f1o causado al apartamento ser\u00e1 facturado al residente. El residente tambi\u00e9n est\u00e1 obligado a devolver el apartamento en el mismo estado de limpieza en que lo encontr\u00f3","breadcrumb":{"@id":"https:\/\/www.geneva-residence.fr\/es\/terminos-y-condiciones-generales\/#breadcrumb"},"inLanguage":"es","potentialAction":[{"@type":"ReadAction","target":["https:\/\/www.geneva-residence.fr\/es\/terminos-y-condiciones-generales\/"]}]},{"@type":"BreadcrumbList","@id":"https:\/\/www.geneva-residence.fr\/es\/terminos-y-condiciones-generales\/#breadcrumb","itemListElement":[{"@type":"ListItem","position":1,"name":"Home","item":"https:\/\/www.geneva-residence.fr\/es\/"},{"@type":"ListItem","position":2,"name":"T\u00e9rminos y Condiciones Generales"}]},{"@type":"WebSite","@id":"https:\/\/www.geneva-residence.fr\/es\/#website","url":"https:\/\/www.geneva-residence.fr\/es\/","name":"Geneva Residence","description":"","publisher":{"@id":"https:\/\/www.geneva-residence.fr\/es\/#organization"},"potentialAction":[{"@type":"SearchAction","target":{"@type":"EntryPoint","urlTemplate":"https:\/\/www.geneva-residence.fr\/es\/?s={search_term_string}"},"query-input":{"@type":"PropertyValueSpecification","valueRequired":true,"valueName":"search_term_string"}}],"inLanguage":"es"},{"@type":"Organization","@id":"https:\/\/www.geneva-residence.fr\/es\/#organization","name":"Geneva Residence","url":"https:\/\/www.geneva-residence.fr\/es\/","logo":{"@type":"ImageObject","inLanguage":"es","@id":"https:\/\/www.geneva-residence.fr\/es\/#\/schema\/logo\/image\/","url":"https:\/\/geneva-residence-paprika.ms2.decms.eu\/wp-content\/uploads\/sites\/183\/2024\/12\/Logo-pour-en-tete-1.png","contentUrl":"https:\/\/geneva-residence-paprika.ms2.decms.eu\/wp-content\/uploads\/sites\/183\/2024\/12\/Logo-pour-en-tete-1.png","width":2200,"height":795,"caption":"Geneva Residence"},"image":{"@id":"https:\/\/www.geneva-residence.fr\/es\/#\/schema\/logo\/image\/"}}]}},"acf":[],"_links":{"self":[{"href":"https:\/\/www.geneva-residence.fr\/es\/wp-json\/wp\/v2\/pages\/207","targetHints":{"allow":["GET"]}}],"collection":[{"href":"https:\/\/www.geneva-residence.fr\/es\/wp-json\/wp\/v2\/pages"}],"about":[{"href":"https:\/\/www.geneva-residence.fr\/es\/wp-json\/wp\/v2\/types\/page"}],"author":[{"embeddable":true,"href":"https:\/\/www.geneva-residence.fr\/es\/wp-json\/wp\/v2\/users\/192"}],"replies":[{"embeddable":true,"href":"https:\/\/www.geneva-residence.fr\/es\/wp-json\/wp\/v2\/comments?post=207"}],"version-history":[{"count":0,"href":"https:\/\/www.geneva-residence.fr\/es\/wp-json\/wp\/v2\/pages\/207\/revisions"}],"wp:attachment":[{"href":"https:\/\/www.geneva-residence.fr\/es\/wp-json\/wp\/v2\/media?parent=207"}],"curies":[{"name":"wp","href":"https:\/\/api.w.org\/{rel}","templated":true}]}}