{"id":158,"date":"2024-12-12T21:33:29","date_gmt":"2024-12-12T21:33:29","guid":{"rendered":"https:\/\/geneva-residence-paprika.ms2.decms.eu\/logements\/"},"modified":"2025-10-09T10:01:51","modified_gmt":"2025-10-09T10:01:51","slug":"alloggi","status":"publish","type":"page","link":"https:\/\/www.geneva-residence.fr\/it\/alloggi\/","title":{"rendered":"Alloggi"},"content":{"rendered":"<p style=\"text-align: center\">A Geneva R\u00e9sidence, offriamo alloggi semplici, progettati per il vostro comfort e tranquillit\u00e0, che viaggiate da soli, in coppia, in famiglia o per motivi di lavoro.<\/p>\n<p style=\"text-align: center\">\u00c8 possibile prenotare 1 posto auto (9\u20ac\/notte, altezza massima 1,90 m) e un solo animale (solo cane o gatto, 5\u20ac\/notte) all&#8217;arrivo, in base alla disponibilit\u00e0.<\/p>\n","protected":false},"excerpt":{"rendered":"<p>A Geneva R\u00e9sidence, offriamo alloggi semplici, progettati per il vostro comfort e tranquillit\u00e0, che viaggiate da soli, in coppia, in famiglia o per motivi di lavoro. \u00c8 possibile prenotare 1 posto auto (9\u20ac\/notte, altezza massima 1,90 m) e un solo animale (solo cane o gatto, 5\u20ac\/notte) all&#8217;arrivo, in base alla disponibilit\u00e0.<\/p>\n","protected":false},"author":192,"featured_media":0,"parent":0,"menu_order":0,"comment_status":"closed","ping_status":"closed","template":"template-rooms.php","meta":{"footnotes":""},"class_list":["post-158","page","type-page","status-publish","hentry"],"yoast_head":"<!-- This site is optimized with the Yoast SEO plugin v27.3 - https:\/\/yoast.com\/product\/yoast-seo-wordpress\/ -->\n<title>Alloggi - Geneva Residence -<\/title>\n<meta name=\"description\" content=\"A Geneva R\u00e9sidence, offriamo alloggi semplici, progettati per il vostro comfort e tranquillit\u00e0, che viaggiate da soli, in coppia, in famiglia o per motivi di lavoro. \u00c8 possibile prenotare 1 posto auto (9\u20ac\/notte, altezza massima 1,90 m) e un solo animale (solo cane o gatto, 5\u20ac\/notte) all&#039;arrivo, in base alla disponibilit\u00e0..\" \/>\n<meta name=\"robots\" content=\"index, follow, max-snippet:-1, max-image-preview:large, max-video-preview:-1\" \/>\n<link rel=\"canonical\" href=\"https:\/\/www.geneva-residence.fr\/it\/alloggi\/\" \/>\n<meta property=\"og:locale\" content=\"it_IT\" \/>\n<meta property=\"og:type\" content=\"article\" \/>\n<meta property=\"og:title\" content=\"Alloggi - Geneva Residence -\" \/>\n<meta property=\"og:description\" content=\"A Geneva R\u00e9sidence, offriamo alloggi semplici, progettati per il vostro comfort e tranquillit\u00e0, che viaggiate da soli, in coppia, in famiglia o per motivi di lavoro. \u00c8 possibile prenotare 1 posto auto (9\u20ac\/notte, altezza massima 1,90 m) e un solo animale (solo cane o gatto, 5\u20ac\/notte) all&#039;arrivo, in base alla disponibilit\u00e0..\" \/>\n<meta property=\"og:url\" content=\"https:\/\/www.geneva-residence.fr\/it\/alloggi\/\" \/>\n<meta property=\"og:site_name\" content=\"Geneva Residence\" \/>\n<meta property=\"article:modified_time\" content=\"2025-10-09T10:01:51+00:00\" \/>\n<meta name=\"twitter:card\" content=\"summary_large_image\" \/>\n<meta name=\"twitter:label1\" content=\"Tempo di lettura stimato\" \/>\n\t<meta name=\"twitter:data1\" content=\"1 minuto\" \/>\n<script type=\"application\/ld+json\" class=\"yoast-schema-graph\">{\"@context\":\"https:\\\/\\\/schema.org\",\"@graph\":[{\"@type\":\"WebPage\",\"@id\":\"https:\\\/\\\/www.geneva-residence.fr\\\/it\\\/alloggi\\\/\",\"url\":\"https:\\\/\\\/www.geneva-residence.fr\\\/it\\\/alloggi\\\/\",\"name\":\"Alloggi - Geneva Residence -\",\"isPartOf\":{\"@id\":\"https:\\\/\\\/www.geneva-residence.fr\\\/it\\\/#website\"},\"datePublished\":\"2024-12-12T21:33:29+00:00\",\"dateModified\":\"2025-10-09T10:01:51+00:00\",\"description\":\"A Geneva R\u00e9sidence, offriamo alloggi semplici, progettati per il vostro comfort e tranquillit\u00e0, che viaggiate da soli, in coppia, in famiglia o per motivi di lavoro. \u00c8 possibile prenotare 1 posto auto (9\u20ac\\\/notte, altezza massima 1,90 m) e un solo animale (solo cane o gatto, 5\u20ac\\\/notte) all'arrivo, in base alla disponibilit\u00e0. .\",\"breadcrumb\":{\"@id\":\"https:\\\/\\\/www.geneva-residence.fr\\\/it\\\/alloggi\\\/#breadcrumb\"},\"inLanguage\":\"it-IT\",\"potentialAction\":[{\"@type\":\"ReadAction\",\"target\":[\"https:\\\/\\\/www.geneva-residence.fr\\\/it\\\/alloggi\\\/\"]}]},{\"@type\":\"BreadcrumbList\",\"@id\":\"https:\\\/\\\/www.geneva-residence.fr\\\/it\\\/alloggi\\\/#breadcrumb\",\"itemListElement\":[{\"@type\":\"ListItem\",\"position\":1,\"name\":\"Home\",\"item\":\"https:\\\/\\\/www.geneva-residence.fr\\\/it\\\/\"},{\"@type\":\"ListItem\",\"position\":2,\"name\":\"Alloggi\"}]},{\"@type\":\"WebSite\",\"@id\":\"https:\\\/\\\/www.geneva-residence.fr\\\/it\\\/#website\",\"url\":\"https:\\\/\\\/www.geneva-residence.fr\\\/it\\\/\",\"name\":\"Geneva Residence\",\"description\":\"\",\"publisher\":{\"@id\":\"https:\\\/\\\/www.geneva-residence.fr\\\/it\\\/#organization\"},\"potentialAction\":[{\"@type\":\"SearchAction\",\"target\":{\"@type\":\"EntryPoint\",\"urlTemplate\":\"https:\\\/\\\/www.geneva-residence.fr\\\/it\\\/?s={search_term_string}\"},\"query-input\":{\"@type\":\"PropertyValueSpecification\",\"valueRequired\":true,\"valueName\":\"search_term_string\"}}],\"inLanguage\":\"it-IT\"},{\"@type\":\"Organization\",\"@id\":\"https:\\\/\\\/www.geneva-residence.fr\\\/it\\\/#organization\",\"name\":\"Geneva Residence\",\"url\":\"https:\\\/\\\/www.geneva-residence.fr\\\/it\\\/\",\"logo\":{\"@type\":\"ImageObject\",\"inLanguage\":\"it-IT\",\"@id\":\"https:\\\/\\\/www.geneva-residence.fr\\\/it\\\/#\\\/schema\\\/logo\\\/image\\\/\",\"url\":\"https:\\\/\\\/geneva-residence-paprika.ms2.decms.eu\\\/wp-content\\\/uploads\\\/sites\\\/183\\\/2024\\\/12\\\/Logo-pour-en-tete-1.png\",\"contentUrl\":\"https:\\\/\\\/geneva-residence-paprika.ms2.decms.eu\\\/wp-content\\\/uploads\\\/sites\\\/183\\\/2024\\\/12\\\/Logo-pour-en-tete-1.png\",\"width\":2200,\"height\":795,\"caption\":\"Geneva Residence\"},\"image\":{\"@id\":\"https:\\\/\\\/www.geneva-residence.fr\\\/it\\\/#\\\/schema\\\/logo\\\/image\\\/\"}}]}<\/script>\n<!-- \/ Yoast SEO plugin. -->","yoast_head_json":{"title":"Alloggi - Geneva Residence -","description":"A Geneva R\u00e9sidence, offriamo alloggi semplici, progettati per il vostro comfort e tranquillit\u00e0, che viaggiate da soli, in coppia, in famiglia o per motivi di lavoro. \u00c8 possibile prenotare 1 posto auto (9\u20ac\/notte, altezza massima 1,90 m) e un solo animale (solo cane o gatto, 5\u20ac\/notte) all'arrivo, in base alla disponibilit\u00e0..","robots":{"index":"index","follow":"follow","max-snippet":"max-snippet:-1","max-image-preview":"max-image-preview:large","max-video-preview":"max-video-preview:-1"},"canonical":"https:\/\/www.geneva-residence.fr\/it\/alloggi\/","og_locale":"it_IT","og_type":"article","og_title":"Alloggi - Geneva Residence -","og_description":"A Geneva R\u00e9sidence, offriamo alloggi semplici, progettati per il vostro comfort e tranquillit\u00e0, che viaggiate da soli, in coppia, in famiglia o per motivi di lavoro. \u00c8 possibile prenotare 1 posto auto (9\u20ac\/notte, altezza massima 1,90 m) e un solo animale (solo cane o gatto, 5\u20ac\/notte) all'arrivo, in base alla disponibilit\u00e0..","og_url":"https:\/\/www.geneva-residence.fr\/it\/alloggi\/","og_site_name":"Geneva Residence","article_modified_time":"2025-10-09T10:01:51+00:00","twitter_card":"summary_large_image","twitter_misc":{"Tempo di lettura stimato":"1 minuto"},"schema":{"@context":"https:\/\/schema.org","@graph":[{"@type":"WebPage","@id":"https:\/\/www.geneva-residence.fr\/it\/alloggi\/","url":"https:\/\/www.geneva-residence.fr\/it\/alloggi\/","name":"Alloggi - Geneva Residence -","isPartOf":{"@id":"https:\/\/www.geneva-residence.fr\/it\/#website"},"datePublished":"2024-12-12T21:33:29+00:00","dateModified":"2025-10-09T10:01:51+00:00","description":"A Geneva R\u00e9sidence, offriamo alloggi semplici, progettati per il vostro comfort e tranquillit\u00e0, che viaggiate da soli, in coppia, in famiglia o per motivi di lavoro. \u00c8 possibile prenotare 1 posto auto (9\u20ac\/notte, altezza massima 1,90 m) e un solo animale (solo cane o gatto, 5\u20ac\/notte) all'arrivo, in base alla disponibilit\u00e0. .","breadcrumb":{"@id":"https:\/\/www.geneva-residence.fr\/it\/alloggi\/#breadcrumb"},"inLanguage":"it-IT","potentialAction":[{"@type":"ReadAction","target":["https:\/\/www.geneva-residence.fr\/it\/alloggi\/"]}]},{"@type":"BreadcrumbList","@id":"https:\/\/www.geneva-residence.fr\/it\/alloggi\/#breadcrumb","itemListElement":[{"@type":"ListItem","position":1,"name":"Home","item":"https:\/\/www.geneva-residence.fr\/it\/"},{"@type":"ListItem","position":2,"name":"Alloggi"}]},{"@type":"WebSite","@id":"https:\/\/www.geneva-residence.fr\/it\/#website","url":"https:\/\/www.geneva-residence.fr\/it\/","name":"Geneva Residence","description":"","publisher":{"@id":"https:\/\/www.geneva-residence.fr\/it\/#organization"},"potentialAction":[{"@type":"SearchAction","target":{"@type":"EntryPoint","urlTemplate":"https:\/\/www.geneva-residence.fr\/it\/?s={search_term_string}"},"query-input":{"@type":"PropertyValueSpecification","valueRequired":true,"valueName":"search_term_string"}}],"inLanguage":"it-IT"},{"@type":"Organization","@id":"https:\/\/www.geneva-residence.fr\/it\/#organization","name":"Geneva Residence","url":"https:\/\/www.geneva-residence.fr\/it\/","logo":{"@type":"ImageObject","inLanguage":"it-IT","@id":"https:\/\/www.geneva-residence.fr\/it\/#\/schema\/logo\/image\/","url":"https:\/\/geneva-residence-paprika.ms2.decms.eu\/wp-content\/uploads\/sites\/183\/2024\/12\/Logo-pour-en-tete-1.png","contentUrl":"https:\/\/geneva-residence-paprika.ms2.decms.eu\/wp-content\/uploads\/sites\/183\/2024\/12\/Logo-pour-en-tete-1.png","width":2200,"height":795,"caption":"Geneva Residence"},"image":{"@id":"https:\/\/www.geneva-residence.fr\/it\/#\/schema\/logo\/image\/"}}]}},"acf":[],"_links":{"self":[{"href":"https:\/\/www.geneva-residence.fr\/it\/wp-json\/wp\/v2\/pages\/158","targetHints":{"allow":["GET"]}}],"collection":[{"href":"https:\/\/www.geneva-residence.fr\/it\/wp-json\/wp\/v2\/pages"}],"about":[{"href":"https:\/\/www.geneva-residence.fr\/it\/wp-json\/wp\/v2\/types\/page"}],"author":[{"embeddable":true,"href":"https:\/\/www.geneva-residence.fr\/it\/wp-json\/wp\/v2\/users\/192"}],"replies":[{"embeddable":true,"href":"https:\/\/www.geneva-residence.fr\/it\/wp-json\/wp\/v2\/comments?post=158"}],"version-history":[{"count":0,"href":"https:\/\/www.geneva-residence.fr\/it\/wp-json\/wp\/v2\/pages\/158\/revisions"}],"wp:attachment":[{"href":"https:\/\/www.geneva-residence.fr\/it\/wp-json\/wp\/v2\/media?parent=158"}],"curies":[{"name":"wp","href":"https:\/\/api.w.org\/{rel}","templated":true}]}}