{"id":206,"date":"2024-12-12T22:38:31","date_gmt":"2024-12-12T22:38:31","guid":{"rendered":"https:\/\/geneva-residence-paprika.ms2.decms.eu\/conditions-generales\/"},"modified":"2025-07-10T15:21:41","modified_gmt":"2025-07-10T15:21:41","slug":"termini-e-condizioni-generali","status":"publish","type":"page","link":"https:\/\/www.geneva-residence.fr\/it\/termini-e-condizioni-generali\/","title":{"rendered":"Termini e Condizioni Generali"},"content":{"rendered":"<p><strong>NORME APPLICABILI<\/strong><br \/>\nQuesti termini e condizioni generali sono soggetti allo statuto delle Residenze Turistiche.<br \/>\nSono accompagnate da condizioni particolari.<br \/>\nIl residente &#8211; occupante &#8211; non pu\u00f2 invocare le disposizioni legali applicabili ai contratti di locazione residenziale, in particolare per quanto riguarda il diritto di permanenza nei locali.<br \/>\nOgni domiciliazione nella Residenza, sia privata che professionale, \u00e8 vietata.<\/p>\n<p><strong>DESCRIZIONE DEGLI ALLOGGI<\/strong><br \/>\nLa Residenza offre appartamenti arredati e attrezzati, tipo monolocale o bilocale.<br \/>\nIl tipo di appartamento oggetto del contratto viene precisato al residente al momento del check-in nel documento &#8220;condizioni generali di locazione&#8221;.<br \/>\nOgni appartamento dispone di una piccola cucina attrezzata: lavello, piano cottura, microonde, stoviglie, ecc.<br \/>\nOgni appartamento ha il proprio bagno e servizi igienici.<br \/>\nIl residente deve segnalare eventuali anomalie o danni ai mobili al momento dell&#8217;arrivo.<br \/>\nAl momento della partenza, lo stato di pulizia dell&#8217;appartamento sar\u00e0 verificato, e qualsiasi danno o mancanza sar\u00e0 addebitato al residente. Il residente \u00e8 anche tenuto a restituire l&#8217;appartamento nello stesso stato di pulizia in cui l&#8217;ha trovato. Il costo di eventuali riparazioni o pulizie sar\u00e0 addebitato al residente.<br \/>\nGli appartamenti possono ospitare da 1 a 4 persone, a seconda del tipo di appartamento locato. Il residente dovr\u00e0 rispettare il numero di persone indicate nel contratto e sar\u00e0 responsabile per ogni sovraffollamento o danno derivante. Il sovraffollamento, vietato e illegale, comporter\u00e0 la rescissione immediata del contratto.<\/p>\n<p><strong>RECEPTION DELLA RESIDENZA<\/strong><br \/>\nLa reception \u00e8 aperta secondo gli orari indicati presso la reception. Al di fuori di questi orari, verr\u00e0 fornito un codice di accesso alla residenza (codice digitale) che il residente si impegna a non divulgare a persone estranee alla residenza.<\/p>\n<p><strong>SERVIZI<\/strong><br \/>\nServizi inclusi nella tariffa:<\/p>\n<ul>\n<li>Accesso Wi-Fi<\/li>\n<li>Televisione<\/li>\n<li>Pulizia settimanale per soggiorni di 7 notti o pi\u00f9<\/li>\n<li>Cambio delle lenzuola una volta alla settimana per soggiorni di 7 notti o pi\u00f9<\/li>\n<li>Cambio degli asciugamani una volta alla settimana<br \/>\nServizi aggiuntivi e a pagamento (tariffe disponibili in reception):<\/li>\n<li>Pulizia: se il residente richiede pulizie extra<\/li>\n<li>Cambio di lenzuola e asciugamani: se il residente richiede il cambio<\/li>\n<li>Parcheggio sotterraneo<\/li>\n<li>Lavatrice e asciugatrice disponibili per il residente nel seminterrato, gestiti da un fornitore esterno<\/li>\n<li>Fotocopie e fax disponibili su richiesta in reception<\/li>\n<li>Carta igienica e detergente per piatti in vendita presso la reception<\/li>\n<\/ul>\n<p><strong>PRENOTAZIONE<\/strong><br \/>\nUna prenotazione per un appartamento nella Residenza \u00e8 valida solo se il cliente ha pagato in anticipo il soggiorno o versato un acconto richiesto dalla Residenza. La prenotazione sar\u00e0 confermata al ricevimento del pagamento.<\/p>\n<p><strong>CONDIZIONI DI PAGAMENTO &#8211; PENALI PER RITARDI<\/strong><br \/>\nLe fatture devono essere pagate immediatamente dal residente al momento della presentazione.<br \/>\nNel giorno di arrivo del cliente, la Residenza addebiter\u00e0 l&#8217;importo totale o il saldo del soggiorno, ad eccezione dei soggiorni superiori a un mese, per i quali il primo mese dovr\u00e0 essere pagato immediatamente e i mesi successivi prima dell&#8217;inizio di ogni nuovo periodo di prenotazione.<\/p>\n","protected":false},"excerpt":{"rendered":"<p>NORME APPLICABILI Questi termini e condizioni generali sono soggetti allo statuto delle Residenze Turistiche. Sono accompagnate da condizioni particolari. Il residente &#8211; occupante &#8211; non pu\u00f2 invocare le disposizioni legali applicabili ai contratti di locazione residenziale, in particolare per quanto riguarda il diritto di permanenza nei locali. Ogni domiciliazione nella Residenza, sia privata che professionale, [&hellip;]<\/p>\n","protected":false},"author":192,"featured_media":0,"parent":0,"menu_order":0,"comment_status":"closed","ping_status":"closed","template":"","meta":{"footnotes":""},"class_list":["post-206","page","type-page","status-publish","hentry"],"yoast_head":"<!-- This site is optimized with the Yoast SEO plugin v27.3 - https:\/\/yoast.com\/product\/yoast-seo-wordpress\/ -->\n<title>Termini e Condizioni Generali - Geneva Residence -<\/title>\n<meta name=\"description\" content=\"NORME APPLICABILI Questi termini e condizioni generali sono soggetti allo statuto delle Residenze Turistiche. Sono accompagnate da condizioni particolari. Il residente - occupante - non pu\u00f2 invocare le disposizioni legali applicabili ai contratti di locazione residenziale, in particolare per quanto riguarda il diritto di permanenza nei locali. Ogni domiciliazione nella Residenza, sia privata che professionale, \u00e8 vietata.  DESCRIZIONE DEGLI ALLOGGI La Residenza offre appartamenti arredati e attrezzati, tipo monolocale o bilocale. Il tipo di appartamento oggetto del contratto viene precisato al residente al momento del check-in nel documento &quot;condizioni generali di locazione&quot;. Ogni appartamento dispone di una piccola cucina attrezzata: lavello, piano cottura, microonde, stoviglie, ecc. Ogni appartamento ha il proprio bagno e servizi igienici. Il residente deve segnalare eventuali anomalie o danni ai mobili al momento dell&#039;arrivo. Al momento della partenza, lo stato di pulizia dell&#039;appartamento sar\u00e0 verificato, e qualsiasi danno o mancanza sar\u00e0 addebitato al residente. Il residente \u00e8 anche tenuto a restituire l&#039;appartamento nello stesso stato di pulizia in cui l&#039;ha trovato\" \/>\n<meta name=\"robots\" content=\"index, follow, max-snippet:-1, max-image-preview:large, max-video-preview:-1\" \/>\n<link rel=\"canonical\" href=\"https:\/\/www.geneva-residence.fr\/it\/termini-e-condizioni-generali\/\" \/>\n<meta property=\"og:locale\" content=\"it_IT\" \/>\n<meta property=\"og:type\" content=\"article\" \/>\n<meta property=\"og:title\" content=\"Termini e Condizioni Generali - Geneva Residence -\" \/>\n<meta property=\"og:description\" content=\"NORME APPLICABILI Questi termini e condizioni generali sono soggetti allo statuto delle Residenze Turistiche. Sono accompagnate da condizioni particolari. Il residente - occupante - non pu\u00f2 invocare le disposizioni legali applicabili ai contratti di locazione residenziale, in particolare per quanto riguarda il diritto di permanenza nei locali. Ogni domiciliazione nella Residenza, sia privata che professionale, \u00e8 vietata.  DESCRIZIONE DEGLI ALLOGGI La Residenza offre appartamenti arredati e attrezzati, tipo monolocale o bilocale. Il tipo di appartamento oggetto del contratto viene precisato al residente al momento del check-in nel documento &quot;condizioni generali di locazione&quot;. Ogni appartamento dispone di una piccola cucina attrezzata: lavello, piano cottura, microonde, stoviglie, ecc. Ogni appartamento ha il proprio bagno e servizi igienici. Il residente deve segnalare eventuali anomalie o danni ai mobili al momento dell&#039;arrivo. Al momento della partenza, lo stato di pulizia dell&#039;appartamento sar\u00e0 verificato, e qualsiasi danno o mancanza sar\u00e0 addebitato al residente. Il residente \u00e8 anche tenuto a restituire l&#039;appartamento nello stesso stato di pulizia in cui l&#039;ha trovato\" \/>\n<meta property=\"og:url\" content=\"https:\/\/www.geneva-residence.fr\/it\/termini-e-condizioni-generali\/\" \/>\n<meta property=\"og:site_name\" content=\"Geneva Residence\" \/>\n<meta property=\"article:modified_time\" content=\"2025-07-10T15:21:41+00:00\" \/>\n<meta name=\"twitter:card\" content=\"summary_large_image\" \/>\n<meta name=\"twitter:label1\" content=\"Tempo di lettura stimato\" \/>\n\t<meta name=\"twitter:data1\" content=\"3 minuti\" \/>\n<script type=\"application\/ld+json\" class=\"yoast-schema-graph\">{\"@context\":\"https:\\\/\\\/schema.org\",\"@graph\":[{\"@type\":\"WebPage\",\"@id\":\"https:\\\/\\\/www.geneva-residence.fr\\\/it\\\/termini-e-condizioni-generali\\\/\",\"url\":\"https:\\\/\\\/www.geneva-residence.fr\\\/it\\\/termini-e-condizioni-generali\\\/\",\"name\":\"Termini e Condizioni Generali - Geneva Residence -\",\"isPartOf\":{\"@id\":\"https:\\\/\\\/www.geneva-residence.fr\\\/it\\\/#website\"},\"datePublished\":\"2024-12-12T22:38:31+00:00\",\"dateModified\":\"2025-07-10T15:21:41+00:00\",\"description\":\"NORME APPLICABILI Questi termini e condizioni generali sono soggetti allo statuto delle Residenze Turistiche. Sono accompagnate da condizioni particolari. Il residente - occupante - non pu\u00f2 invocare le disposizioni legali applicabili ai contratti di locazione residenziale, in particolare per quanto riguarda il diritto di permanenza nei locali. Ogni domiciliazione nella Residenza, sia privata che professionale, \u00e8 vietata. DESCRIZIONE DEGLI ALLOGGI La Residenza offre appartamenti arredati e attrezzati, tipo monolocale o bilocale. Il tipo di appartamento oggetto del contratto viene precisato al residente al momento del check-in nel documento \\\"condizioni generali di locazione\\\". Ogni appartamento dispone di una piccola cucina attrezzata: lavello, piano cottura, microonde, stoviglie, ecc. Ogni appartamento ha il proprio bagno e servizi igienici. Il residente deve segnalare eventuali anomalie o danni ai mobili al momento dell'arrivo. Al momento della partenza, lo stato di pulizia dell'appartamento sar\u00e0 verificato, e qualsiasi danno o mancanza sar\u00e0 addebitato al residente. Il residente \u00e8 anche tenuto a restituire l'appartamento nello stesso stato di pulizia in cui l'ha trovato\",\"breadcrumb\":{\"@id\":\"https:\\\/\\\/www.geneva-residence.fr\\\/it\\\/termini-e-condizioni-generali\\\/#breadcrumb\"},\"inLanguage\":\"it-IT\",\"potentialAction\":[{\"@type\":\"ReadAction\",\"target\":[\"https:\\\/\\\/www.geneva-residence.fr\\\/it\\\/termini-e-condizioni-generali\\\/\"]}]},{\"@type\":\"BreadcrumbList\",\"@id\":\"https:\\\/\\\/www.geneva-residence.fr\\\/it\\\/termini-e-condizioni-generali\\\/#breadcrumb\",\"itemListElement\":[{\"@type\":\"ListItem\",\"position\":1,\"name\":\"Home\",\"item\":\"https:\\\/\\\/www.geneva-residence.fr\\\/it\\\/\"},{\"@type\":\"ListItem\",\"position\":2,\"name\":\"Termini e Condizioni Generali\"}]},{\"@type\":\"WebSite\",\"@id\":\"https:\\\/\\\/www.geneva-residence.fr\\\/it\\\/#website\",\"url\":\"https:\\\/\\\/www.geneva-residence.fr\\\/it\\\/\",\"name\":\"Geneva Residence\",\"description\":\"\",\"publisher\":{\"@id\":\"https:\\\/\\\/www.geneva-residence.fr\\\/it\\\/#organization\"},\"potentialAction\":[{\"@type\":\"SearchAction\",\"target\":{\"@type\":\"EntryPoint\",\"urlTemplate\":\"https:\\\/\\\/www.geneva-residence.fr\\\/it\\\/?s={search_term_string}\"},\"query-input\":{\"@type\":\"PropertyValueSpecification\",\"valueRequired\":true,\"valueName\":\"search_term_string\"}}],\"inLanguage\":\"it-IT\"},{\"@type\":\"Organization\",\"@id\":\"https:\\\/\\\/www.geneva-residence.fr\\\/it\\\/#organization\",\"name\":\"Geneva Residence\",\"url\":\"https:\\\/\\\/www.geneva-residence.fr\\\/it\\\/\",\"logo\":{\"@type\":\"ImageObject\",\"inLanguage\":\"it-IT\",\"@id\":\"https:\\\/\\\/www.geneva-residence.fr\\\/it\\\/#\\\/schema\\\/logo\\\/image\\\/\",\"url\":\"https:\\\/\\\/geneva-residence-paprika.ms2.decms.eu\\\/wp-content\\\/uploads\\\/sites\\\/183\\\/2024\\\/12\\\/Logo-pour-en-tete-1.png\",\"contentUrl\":\"https:\\\/\\\/geneva-residence-paprika.ms2.decms.eu\\\/wp-content\\\/uploads\\\/sites\\\/183\\\/2024\\\/12\\\/Logo-pour-en-tete-1.png\",\"width\":2200,\"height\":795,\"caption\":\"Geneva Residence\"},\"image\":{\"@id\":\"https:\\\/\\\/www.geneva-residence.fr\\\/it\\\/#\\\/schema\\\/logo\\\/image\\\/\"}}]}<\/script>\n<!-- \/ Yoast SEO plugin. -->","yoast_head_json":{"title":"Termini e Condizioni Generali - Geneva Residence -","description":"NORME APPLICABILI Questi termini e condizioni generali sono soggetti allo statuto delle Residenze Turistiche. Sono accompagnate da condizioni particolari. Il residente - occupante - non pu\u00f2 invocare le disposizioni legali applicabili ai contratti di locazione residenziale, in particolare per quanto riguarda il diritto di permanenza nei locali. Ogni domiciliazione nella Residenza, sia privata che professionale, \u00e8 vietata.  DESCRIZIONE DEGLI ALLOGGI La Residenza offre appartamenti arredati e attrezzati, tipo monolocale o bilocale. Il tipo di appartamento oggetto del contratto viene precisato al residente al momento del check-in nel documento \"condizioni generali di locazione\". Ogni appartamento dispone di una piccola cucina attrezzata: lavello, piano cottura, microonde, stoviglie, ecc. Ogni appartamento ha il proprio bagno e servizi igienici. Il residente deve segnalare eventuali anomalie o danni ai mobili al momento dell'arrivo. Al momento della partenza, lo stato di pulizia dell'appartamento sar\u00e0 verificato, e qualsiasi danno o mancanza sar\u00e0 addebitato al residente. Il residente \u00e8 anche tenuto a restituire l'appartamento nello stesso stato di pulizia in cui l'ha trovato","robots":{"index":"index","follow":"follow","max-snippet":"max-snippet:-1","max-image-preview":"max-image-preview:large","max-video-preview":"max-video-preview:-1"},"canonical":"https:\/\/www.geneva-residence.fr\/it\/termini-e-condizioni-generali\/","og_locale":"it_IT","og_type":"article","og_title":"Termini e Condizioni Generali - Geneva Residence -","og_description":"NORME APPLICABILI Questi termini e condizioni generali sono soggetti allo statuto delle Residenze Turistiche. Sono accompagnate da condizioni particolari. Il residente - occupante - non pu\u00f2 invocare le disposizioni legali applicabili ai contratti di locazione residenziale, in particolare per quanto riguarda il diritto di permanenza nei locali. Ogni domiciliazione nella Residenza, sia privata che professionale, \u00e8 vietata.  DESCRIZIONE DEGLI ALLOGGI La Residenza offre appartamenti arredati e attrezzati, tipo monolocale o bilocale. Il tipo di appartamento oggetto del contratto viene precisato al residente al momento del check-in nel documento \"condizioni generali di locazione\". Ogni appartamento dispone di una piccola cucina attrezzata: lavello, piano cottura, microonde, stoviglie, ecc. Ogni appartamento ha il proprio bagno e servizi igienici. Il residente deve segnalare eventuali anomalie o danni ai mobili al momento dell'arrivo. Al momento della partenza, lo stato di pulizia dell'appartamento sar\u00e0 verificato, e qualsiasi danno o mancanza sar\u00e0 addebitato al residente. Il residente \u00e8 anche tenuto a restituire l'appartamento nello stesso stato di pulizia in cui l'ha trovato","og_url":"https:\/\/www.geneva-residence.fr\/it\/termini-e-condizioni-generali\/","og_site_name":"Geneva Residence","article_modified_time":"2025-07-10T15:21:41+00:00","twitter_card":"summary_large_image","twitter_misc":{"Tempo di lettura stimato":"3 minuti"},"schema":{"@context":"https:\/\/schema.org","@graph":[{"@type":"WebPage","@id":"https:\/\/www.geneva-residence.fr\/it\/termini-e-condizioni-generali\/","url":"https:\/\/www.geneva-residence.fr\/it\/termini-e-condizioni-generali\/","name":"Termini e Condizioni Generali - Geneva Residence -","isPartOf":{"@id":"https:\/\/www.geneva-residence.fr\/it\/#website"},"datePublished":"2024-12-12T22:38:31+00:00","dateModified":"2025-07-10T15:21:41+00:00","description":"NORME APPLICABILI Questi termini e condizioni generali sono soggetti allo statuto delle Residenze Turistiche. Sono accompagnate da condizioni particolari. Il residente - occupante - non pu\u00f2 invocare le disposizioni legali applicabili ai contratti di locazione residenziale, in particolare per quanto riguarda il diritto di permanenza nei locali. Ogni domiciliazione nella Residenza, sia privata che professionale, \u00e8 vietata. DESCRIZIONE DEGLI ALLOGGI La Residenza offre appartamenti arredati e attrezzati, tipo monolocale o bilocale. Il tipo di appartamento oggetto del contratto viene precisato al residente al momento del check-in nel documento \"condizioni generali di locazione\". Ogni appartamento dispone di una piccola cucina attrezzata: lavello, piano cottura, microonde, stoviglie, ecc. Ogni appartamento ha il proprio bagno e servizi igienici. Il residente deve segnalare eventuali anomalie o danni ai mobili al momento dell'arrivo. Al momento della partenza, lo stato di pulizia dell'appartamento sar\u00e0 verificato, e qualsiasi danno o mancanza sar\u00e0 addebitato al residente. Il residente \u00e8 anche tenuto a restituire l'appartamento nello stesso stato di pulizia in cui l'ha trovato","breadcrumb":{"@id":"https:\/\/www.geneva-residence.fr\/it\/termini-e-condizioni-generali\/#breadcrumb"},"inLanguage":"it-IT","potentialAction":[{"@type":"ReadAction","target":["https:\/\/www.geneva-residence.fr\/it\/termini-e-condizioni-generali\/"]}]},{"@type":"BreadcrumbList","@id":"https:\/\/www.geneva-residence.fr\/it\/termini-e-condizioni-generali\/#breadcrumb","itemListElement":[{"@type":"ListItem","position":1,"name":"Home","item":"https:\/\/www.geneva-residence.fr\/it\/"},{"@type":"ListItem","position":2,"name":"Termini e Condizioni Generali"}]},{"@type":"WebSite","@id":"https:\/\/www.geneva-residence.fr\/it\/#website","url":"https:\/\/www.geneva-residence.fr\/it\/","name":"Geneva Residence","description":"","publisher":{"@id":"https:\/\/www.geneva-residence.fr\/it\/#organization"},"potentialAction":[{"@type":"SearchAction","target":{"@type":"EntryPoint","urlTemplate":"https:\/\/www.geneva-residence.fr\/it\/?s={search_term_string}"},"query-input":{"@type":"PropertyValueSpecification","valueRequired":true,"valueName":"search_term_string"}}],"inLanguage":"it-IT"},{"@type":"Organization","@id":"https:\/\/www.geneva-residence.fr\/it\/#organization","name":"Geneva Residence","url":"https:\/\/www.geneva-residence.fr\/it\/","logo":{"@type":"ImageObject","inLanguage":"it-IT","@id":"https:\/\/www.geneva-residence.fr\/it\/#\/schema\/logo\/image\/","url":"https:\/\/geneva-residence-paprika.ms2.decms.eu\/wp-content\/uploads\/sites\/183\/2024\/12\/Logo-pour-en-tete-1.png","contentUrl":"https:\/\/geneva-residence-paprika.ms2.decms.eu\/wp-content\/uploads\/sites\/183\/2024\/12\/Logo-pour-en-tete-1.png","width":2200,"height":795,"caption":"Geneva Residence"},"image":{"@id":"https:\/\/www.geneva-residence.fr\/it\/#\/schema\/logo\/image\/"}}]}},"acf":[],"_links":{"self":[{"href":"https:\/\/www.geneva-residence.fr\/it\/wp-json\/wp\/v2\/pages\/206","targetHints":{"allow":["GET"]}}],"collection":[{"href":"https:\/\/www.geneva-residence.fr\/it\/wp-json\/wp\/v2\/pages"}],"about":[{"href":"https:\/\/www.geneva-residence.fr\/it\/wp-json\/wp\/v2\/types\/page"}],"author":[{"embeddable":true,"href":"https:\/\/www.geneva-residence.fr\/it\/wp-json\/wp\/v2\/users\/192"}],"replies":[{"embeddable":true,"href":"https:\/\/www.geneva-residence.fr\/it\/wp-json\/wp\/v2\/comments?post=206"}],"version-history":[{"count":0,"href":"https:\/\/www.geneva-residence.fr\/it\/wp-json\/wp\/v2\/pages\/206\/revisions"}],"wp:attachment":[{"href":"https:\/\/www.geneva-residence.fr\/it\/wp-json\/wp\/v2\/media?parent=206"}],"curies":[{"name":"wp","href":"https:\/\/api.w.org\/{rel}","templated":true}]}}